{"id":351,"date":"2014-05-05T12:10:54","date_gmt":"2014-05-05T12:10:54","guid":{"rendered":"http:\/\/s621472710.mialojamiento.es\/?page_id=351"},"modified":"2025-11-26T09:11:40","modified_gmt":"2025-11-26T09:11:40","slug":"investigacion","status":"publish","type":"page","link":"https:\/\/ingegraf.es\/?page_id=351","title":{"rendered":"Revistas"},"content":{"rendered":"<p>&nbsp;<\/p>\n<h4 style=\"text-align: center;\"><a title=\"Computer Applications in Engineering education\" href=\"http:\/\/onlinelibrary.wiley.com\/journal\/10.1002\/(ISSN)1099-0542\" target=\"_blank\" rel=\"noopener\"><span style=\"color: #3366ff;\">COMPUTER APPLICATIONS IN ENGINEERING EDUCATION\u00a0<\/span><\/a><\/h4>\n<p><b><i>Computer Applications in Engineering Education<\/i><\/b>\u00a0provides a forum for publishing peer-reviewed timely information on the innovative uses of computers, Internet, and software tools in engineering education.<\/p>\n<h4 style=\"text-align: center;\"><\/h4>\n<h4 style=\"text-align: center;\"><a title=\"OMNIASCIENCE MONOGRAPHS\" href=\"http:\/\/www.omniascience.com\/monographs\/index.php\/monograficos\/index\" target=\"_blank\" rel=\"noopener\"><span style=\"color: #3366ff;\">OMNIASCIENCE MONOGRAPHS<\/span><\/a><\/h4>\n<p>OmniaScience Monographs est\u00e1 especializada en la publicaci\u00f3n de libros monogr\u00e1ficos cient\u00edficos en acceso abierto. Mediante un riguroso proceso editorial OmniaScience Monographs ofrece una r\u00e1pida y eficiente difusi\u00f3n en acceso abierto a la comunidad cient\u00edfica y profesional de todo el mundo.<\/p>\n<p>&nbsp;<\/p>\n<h4 style=\"text-align: center;\"><span style=\"color: #3366ff;\"><a title=\"design-studies\" href=\"http:\/\/www.journals.elsevier.com\/design-studies\/\" target=\"_blank\" rel=\"noopener\"><span style=\"color: #3366ff;\">DESIGN STUDIES<\/span><\/a><\/span><\/h4>\n<p><em>Design Studies<\/em>\u00a0is the premier international peer reviewed journal of design research. It is the only journal to approach an understanding of design from comparisons of its applications in all areas, including engineering and product design, architectural and urban design, computer artefacts and systems design.<\/p>\n<p>&nbsp;<\/p>\n<h3 style=\"text-align: center;\"><span style=\"color: #3366ff;\"><a title=\"DYNA-BILBAO\" href=\"http:\/\/www.revistadyna.com\/Contenidos\/Ficha.aspx?IdMenu=a2238bd0-3048-4d9d-ab8c-c91c6fdfd475\" target=\"_blank\" rel=\"noopener\"><span style=\"color: #3366ff;\">DYNA-BILBAO<\/span><\/a><\/span><\/h3>\n<p>Fundada en 1926, DYNA es una de las\u00a0revistas de ingenier\u00eda general m\u00e1s influyentes y prestigiosas del mundo, como lo reconoce Thomson-Reuters<\/p>\n<p>&nbsp;<\/p>\n<h3 style=\"text-align: center;\"><span style=\"color: #3366ff;\"><a title=\"DYNA-COLOMBIA\" href=\"http:\/\/dyna.unalmed.edu.co\/es\/index.php\" target=\"_blank\" rel=\"noopener\"><span style=\"color: #3366ff;\">DYNA-COLOMBIA<\/span><\/a><\/span><\/h3>\n<p>Revista internacional editada por la\u00a0Facultad de Minas,\u00a0Universidad Nacional de Colombia,<b> <\/b>desde 1933.\u00a0DYNA\u00a0publica art\u00edculos cient\u00edficos, revisados por pares, cubriendo todos los aspectos de la ingenier\u00eda.<\/p>\n<p>&nbsp;<\/p>\n<h4 style=\"text-align: center;\"><span style=\"color: #3366ff;\"><a title=\"EUROPEAN JOURNAL OF INDUSTRIAL ENGINEERIGN\" href=\"http:\/\/www.inderscience.com\/jhome.php?jcode=ejie\" target=\"_blank\" rel=\"noopener\"><span style=\"color: #3366ff;\">EUROPEAN JOURNAL OF INDUSTRIAL ENGINEERIGN<\/span><\/a><\/span><\/h4>\n<p><i>EJIE<\/i>\u00a0is an international quarterly journal aimed at disseminating the latest developments in all areas of industrial engineering, including information and service industries, ergonomics and safety, quality management as well as business and strategy, and at bridging the gap between theory and practice.<\/p>\n<p>&nbsp;<\/p>\n<h4 style=\"text-align: center;\"><span style=\"color: #3366ff;\"><a title=\"integrated computer-aided engineering\" href=\"http:\/\/www.iospress.nl\/journal\/integrated-computer-aided-engineering\/\" target=\"_blank\" rel=\"noopener\"><span style=\"color: #3366ff;\">INTEGRATED COMPUTER &#8211; AIDED ENGINEERING<\/span><\/a><\/span><span style=\"color: #3366ff;\"><span style=\"color: #3366ff;\"><a title=\"EUROPEAN JOURNAL OF INDUSTRIAL ENGINEERIGN\" href=\"http:\/\/www.inderscience.com\/jhome.php?jcode=ejie\" target=\"_blank\" rel=\"noopener\">\u00a0<\/a><\/span><\/span><\/h4>\n<p>ICAE was founded in 1993.\u00a0<em>\u00abBased on the premise that interdisciplinary thinking and synergistic collaboration of disciplines can solve complex problems, open new frontiers, and lead to true innovations and breakthroughs, the cornerstone of industrial competitiveness and advancement of the society\u00bb<\/em>\u00a0as noted in the inaugural issue of the journal.<\/p>\n<p>&nbsp;<\/p>\n<h4 style=\"text-align: center;\"><span style=\"color: #3366ff;\"><a title=\"Interdisciplinary science reviews\" href=\"http:\/\/www.isr-journal.org\/\" target=\"_blank\" rel=\"noopener\"><span style=\"color: #3366ff;\">INTERDISCIPLINARY SCIENCE REVIEWS<\/span><\/a><\/span><\/h4>\n<p><i>ISR<\/i>\u00a0is a quarterly journal that aims to set contemporary and historical developments in the sciences and technology into their wider social and cultural context and to illuminate their interrelations with the humanities and arts<\/p>\n<p>&nbsp;<\/p>\n<h4 style=\"text-align: center;\"><span style=\"color: #3366ff;\"><a title=\"IJEE\" href=\"http:\/\/www.ijee.ie\/\" target=\"_blank\" rel=\"noopener\"><span style=\"color: #3366ff;\">INTERNATIONAL JOURNAL OF ENGINEERING EDUCATION<\/span><\/a><\/span><\/h4>\n<p>The International Journal of Engineering Education (IJEE) is an independent, peer-reviewed journal. It serves as an international archival forum of scholarly research related to engineering education.<\/p>\n<p>&nbsp;<\/p>\n<h4 style=\"text-align: center;\"><a title=\"INTERNATIONAL JOURNAL OF ENGINEERING SCIENCE\" href=\"http:\/\/www.journals.elsevier.com\/international-journal-of-engineering-science\/\" target=\"_blank\" rel=\"noopener\"><span style=\"color: #3366ff;\">INTERNATIONAL JOURNAL OF ENGINEERING SCIENCE<\/span><\/a><\/h4>\n<p>The\u00a0<em>International Journal of Engineering Science<\/em>\u00a0is not limited to a specific aspect of\u00a0<b>science<\/b>\u00a0and\u00a0<b>engineering<\/b>\u00a0but is instead devoted to a wide range of subfields in the\u00a0<b>engineering sciences<\/b>. While it encourages a broad spectrum of contribution in the engineering sciences, its core interest lies in issues concerning material modeling and response.<\/p>\n<p>&nbsp;<\/p>\n<h4 style=\"text-align: center;\"><a title=\"ijidem\" href=\"http:\/\/ijidem.estia.fr\/\" target=\"_blank\" rel=\"noopener\"><span style=\"color: #3366ff;\">INTERNATIONAL JOURNAL ON INTERACTIVE DESIGN AND MANUFACTURING<\/span><\/a><\/h4>\n<p>The IJIDeM covers interdisciplinary research, technical issues and\/or original industrial implementations related to the development, handling and designing of high-realistic multisensorial virtual prototypes for improving decision-making in product design and manufacturing<\/p>\n<p>&nbsp;<\/p>\n<h4 style=\"text-align: center;\"><span class=\"default\" style=\"color: #3366ff;\"><a title=\"springer\" href=\"http:\/\/link.springer.com\/journal\/11367\" target=\"_blank\" rel=\"noopener\"><span style=\"color: #3366ff;\">THE INTERNATIONAL JOURNAL OF LIFE CYCLE ASSESSMENT<\/span><\/a><\/span><\/h4>\n<p>The International Journal of Life Cycle Assessment (JLCA) is the first journal devoted entirely to LCA. LCA has become a recognized instrument to assess the ecological burdens and impacts connected with products and systems, or, more generally, with human activities.<\/p>\n<p>&nbsp;<\/p>\n<h4 style=\"text-align: center;\"><a title=\"International Journal of Simulation Modelling\u00a0\" href=\"http:\/\/www.ijsimm.com\/\" target=\"_blank\" rel=\"noopener\"><span class=\"default\" style=\"color: #3366ff;\"><span style=\"color: #3366ff;\">INTERNATIONAL JOURNAL OF SIMULATION\u00a0MODELLING<\/span><\/span><\/a><\/h4>\n<p>The International Journal of Simulation Modelling (IJSIMM) provides a global forum for the publication of all forms of simulation modelling research work in academic institutions, in industry or in consultancy.<\/p>\n<h4 style=\"text-align: center;\"><\/h4>\n<h4 style=\"text-align: center;\"><a title=\"Journal of engineering education\" href=\"http:\/\/www.asee.org\/papers-and-publications\/publications\/jee\" target=\"_blank\" rel=\"noopener\">JOURNAL OF ENGINEERING EDUCATION<\/a><\/h4>\n<p>The research journal for engineering education. JEE is a peer-reviewed international journal published quarterly by the\u00a0<a href=\"http:\/\/www.asee.org\/\">American Society for Engineering Education (ASEE)<\/a>\u00a0in partnership with a global community of engineering education societies and associations.<\/p>\n<h4 style=\"text-align: center;\"><\/h4>\n<h4 style=\"text-align: center;\"><a title=\"RESEARCH IN ENGINEERING DESIGN\" href=\"http:\/\/www.springer.com\/engineering\/mechanical+engineering\/journal\/163\" target=\"_blank\" rel=\"noopener\"><span style=\"color: #3366ff;\">RESEARCH IN ENGINEERING DESIGN<\/span><\/a><\/h4>\n<p>Research in Engineering Design is an international journal that publishes research papers on design theory and methodology in all fields of engineering, focussing on mechanical, civil, architectural, and manufacturing engineering. The journal is designed for professionals in academia, industry and government interested in research issues relevant to design practice.<\/p>\n<p>&nbsp;<\/p>\n<h4 style=\"text-align: center;\"><a title=\"TECHNOLOGY-REVIEW\" href=\"http:\/\/www.technologyreview.es\/\" target=\"_blank\" rel=\"noopener\"><span style=\"color: #3366ff;\">TECHNOLOGY REVIEW<\/span><\/a><\/h4>\n<p><i>MIT Technology Review<\/i>, fundada en 1899, es la revista sobre tecnolog\u00eda m\u00e1s antigua del mundo y la autoridad global en el futuro de la tecnolog\u00eda en internet, telecomunicaciones, energ\u00eda, inform\u00e1tica, materiales, biomedicina y negocios.<\/p>\n<p>&nbsp;<\/p>\n","protected":false},"excerpt":{"rendered":"<p>&nbsp; COMPUTER APPLICATIONS IN ENGINEERING EDUCATION\u00a0 Computer Applications in Engineering Education\u00a0provides a forum for publishing peer-reviewed timely information on the innovative uses of computers, Internet, and software tools in engineering education. OMNIASCIENCE MONOGRAPHS OmniaScience Monographs est\u00e1 especializada en la publicaci\u00f3n de libros monogr\u00e1ficos cient\u00edficos en acceso abierto. Mediante un riguroso proceso editorial OmniaScience Monographs ofrece &hellip; <a href=\"https:\/\/ingegraf.es\/?page_id=351\" class=\"more-link\">Seguir leyendo <span class=\"screen-reader-text\">Revistas<\/span> <span class=\"meta-nav\">&rarr;<\/span><\/a><\/p>\n","protected":false},"author":1,"featured_media":0,"parent":0,"menu_order":0,"comment_status":"closed","ping_status":"closed","template":"","meta":{"footnotes":""},"class_list":["post-351","page","type-page","status-publish","hentry"],"_links":{"self":[{"href":"https:\/\/ingegraf.es\/index.php?rest_route=\/wp\/v2\/pages\/351","targetHints":{"allow":["GET"]}}],"collection":[{"href":"https:\/\/ingegraf.es\/index.php?rest_route=\/wp\/v2\/pages"}],"about":[{"href":"https:\/\/ingegraf.es\/index.php?rest_route=\/wp\/v2\/types\/page"}],"author":[{"embeddable":true,"href":"https:\/\/ingegraf.es\/index.php?rest_route=\/wp\/v2\/users\/1"}],"replies":[{"embeddable":true,"href":"https:\/\/ingegraf.es\/index.php?rest_route=%2Fwp%2Fv2%2Fcomments&post=351"}],"version-history":[{"count":75,"href":"https:\/\/ingegraf.es\/index.php?rest_route=\/wp\/v2\/pages\/351\/revisions"}],"predecessor-version":[{"id":2110,"href":"https:\/\/ingegraf.es\/index.php?rest_route=\/wp\/v2\/pages\/351\/revisions\/2110"}],"wp:attachment":[{"href":"https:\/\/ingegraf.es\/index.php?rest_route=%2Fwp%2Fv2%2Fmedia&parent=351"}],"curies":[{"name":"wp","href":"https:\/\/api.w.org\/{rel}","templated":true}]}}