{"id":28,"date":"2014-03-06T09:18:12","date_gmt":"2014-03-06T09:18:12","guid":{"rendered":"http:\/\/s621472710.mialojamiento.es\/?page_id=28"},"modified":"2026-02-08T11:22:37","modified_gmt":"2026-02-08T11:22:37","slug":"la-asociacion","status":"publish","type":"page","link":"https:\/\/ingegraf.es\/?page_id=28","title":{"rendered":"La Asociaci\u00f3n"},"content":{"rendered":"<p>&nbsp;<\/p>\n<h3 style=\"text-align: center;\"><strong>La Asociaci\u00f3n<\/strong><\/h3>\n<p>Ingegraf es una asociaci\u00f3n sin \u00e1nimo de lucro centrada en\u00a0la promoci\u00f3n del \u00e1rea de conocimiento Expresi\u00f3n Gr\u00e1fica en la Ingenier\u00eda en las\u00a0Universidades existentes en el territorio del Estado Espa\u00f1ol.<\/p>\n<p>Esta asociaci\u00f3n de profesores tiene su origen en las Primeras Jornadas de Expresi\u00f3n Gr\u00e1fica en la Ingenier\u00eda celebradas en Madrid los d\u00edas 8 y 9 de Junio de 1989 en la Escuela T\u00e9cnica Superior de Ingenieros Industriales de la Universidad Polit\u00e9cnica de Madrid. Desde entonces Ingegraf ha patrocinado todas las dem\u00e1s jornadas\/congresos que anualmente le sucedieron.<\/p>\n<p>&nbsp;<\/p>\n<h4>Junta Directiva<\/h4>\n<p><strong>Presidenta:\u00a0<a href=\"mailto:cdonate@ujaen.es\">Cristina Mart\u00edn Do\u00f1ate<\/a><\/strong><\/p>\n<p><strong>Vicepresidente: <a href=\"mailto:dranz@unizar.es\">David Ranz Angulo<\/a><\/strong><\/p>\n<p><strong>Secretaria:<strong>\u00a0<\/strong><a href=\"mailto:monsan@upv.es\">Maria Moncho Santonja<\/a><\/strong><\/p>\n<p><strong>Vocales:\u00a0<a href=\"mailto:rikardo.minguez@ehu.es\">Rikardo Minguez<\/a>, <a href=\"mailto:\/\/valen.gomez.jauregui@unican.es\">Valen G\u00f3mez Jauregui<\/a>, <strong><a href=\"mailto:\/\/clguevara@uma.es\">Carmen Ladr\u00f3n de Guevara<\/a><\/strong><\/strong><\/p>\n<p><strong>Presidente del Comit\u00e9 Cient\u00edfico: \u00a0<a href=\"mailto:jose.velazquez@upct.es\">Jos\u00e9 Sebasti\u00e1n\u00a0Val\u00e1zquez Bl\u00e1zquez<\/a><\/strong><\/p>\n<p>&nbsp;<\/p>\n<h4 style=\"text-align: center;\">Ventajas de ser socio de Ingegraf<\/h4>\n<ul>\n<li>\n<div class=\"elementToProof\" role=\"presentation\"><b data-olk-copy-source=\"MessageBody\">Participaci\u00f3n en congresos INGEGRAF<\/b>, con diferentes modalidades:<\/div>\n<ul>\n<li>\n<div class=\"elementToProof\" role=\"presentation\">Asistencia a los congresos anuales.<\/div>\n<\/li>\n<li>\n<div class=\"elementToProof\" role=\"presentation\">Participaci\u00f3n como\u00a0<b>autor\/a<\/b>\u00a0de comunicaciones.<\/div>\n<\/li>\n<li>\n<div class=\"elementToProof\" role=\"presentation\">Posibilidad de formar parte del\u00a0<b>comit\u00e9 cient\u00edfico<\/b>.<\/div>\n<\/li>\n<li>\n<div class=\"elementToProof\" role=\"presentation\">Colaboraci\u00f3n en el\u00a0<b>comit\u00e9 organizador local<\/b>\u00a0cuando el congreso se celebra en su entorno acad\u00e9mico.<\/div>\n<\/li>\n<\/ul>\n<\/li>\n<li>\n<div class=\"elementToProof\" role=\"presentation\"><b>Reducci\u00f3n en las cuotas de inscripci\u00f3n<\/b>\u00a0a los congresos organizados por INGEGRAF.<\/div>\n<\/li>\n<li>\n<div class=\"elementToProof\" role=\"presentation\"><b>Caladero de ideas y sinergias<\/b>\u00a0para el desarrollo de:<\/div>\n<ul>\n<li>\n<div class=\"elementToProof\" role=\"presentation\">Trabajos Fin de Grado (TFG).<\/div>\n<\/li>\n<li>\n<div class=\"elementToProof\" role=\"presentation\">Trabajos Fin de M\u00e1ster (TFM).<\/div>\n<\/li>\n<li>\n<div class=\"elementToProof\" role=\"presentation\">Tesis doctorales.<\/div>\n<\/li>\n<li>\n<div class=\"elementToProof\" role=\"presentation\">Proyectos de innovaci\u00f3n docente y de investigaci\u00f3n.<\/div>\n<\/li>\n<\/ul>\n<\/li>\n<li>\n<div class=\"elementToProof\" role=\"presentation\"><b>Premio INGEGRAF a la mejor tesis doctoral<\/b>, que reconoce trabajos de especial relevancia en el \u00e1mbito de la Expresi\u00f3n Gr\u00e1fica.<\/div>\n<\/li>\n<li>\n<div class=\"elementToProof\" role=\"presentation\"><b>Agenda de contactos<\/b>\u00a0y acceso a una red consolidada de profesorado e investigadores de distintas universidades y \u00e1reas afines.<\/div>\n<\/li>\n<li>\n<div class=\"elementToProof\" role=\"presentation\">Posibilidad de\u00a0<b>publicaciones indexadas<\/b>, vinculadas a congresos y colaboraciones cient\u00edficas promovidas desde la asociaci\u00f3n.<\/div>\n<\/li>\n<li>\n<div class=\"elementToProof\" role=\"presentation\"><b>Recursos online<\/b>, como material docente, herramientas y contenidos de inter\u00e9s para la docencia y la investigaci\u00f3n (en proceso de reorganizaci\u00f3n).<\/div>\n<\/li>\n<li>\n<div class=\"elementToProof\" role=\"presentation\"><b>Posibilidad de difusi\u00f3n y visibilidad<\/b>\u00a0de actividades, proyectos o recursos a trav\u00e9s de la\u00a0<b>web de INGEGRAF<\/b>.<\/div>\n<\/li>\n<\/ul>\n<p>&nbsp;<\/p>\n<h4 style=\"text-align: center;\">Contacto<\/h4>\n<p><strong>INGEGRAF<\/strong><br \/>\nAsociaci\u00f3n Espa\u00f1ola de Ingenier\u00eda Gr\u00e1fica<br \/>\n<strong>Secretar\u00eda:<\/strong><br \/>\nUniversidad Polit\u00e9cnica de Valencia<br \/>\nCamino de Vera s\/n Edificio 8-H<br \/>\nPlanta 1\u00aa- CITG- \u00c1rea Ingegraf<br \/>\n46022 Valencia &#8211; SPAIN<br \/>\n<strong>Tel\u00e9fono:<\/strong> 600 646 280<br \/>\n<strong>E-mail:<\/strong> info @ ingegraf.es<\/p>\n<p>&nbsp;<\/p>\n<h3 style=\"text-align: center;\"><a href=\"https:\/\/ingegraf.es\/?page_id=1146\">ENLACE PARA ALTA EN LA ASOCIACI\u00d3N<\/a><\/h3>\n","protected":false},"excerpt":{"rendered":"<p>&nbsp; La Asociaci\u00f3n Ingegraf es una asociaci\u00f3n sin \u00e1nimo de lucro centrada en\u00a0la promoci\u00f3n del \u00e1rea de conocimiento Expresi\u00f3n Gr\u00e1fica en la Ingenier\u00eda en las\u00a0Universidades existentes en el territorio del Estado Espa\u00f1ol. Esta asociaci\u00f3n de profesores tiene su origen en las Primeras Jornadas de Expresi\u00f3n Gr\u00e1fica en la Ingenier\u00eda celebradas en Madrid los d\u00edas 8 &hellip; <a href=\"https:\/\/ingegraf.es\/?page_id=28\" class=\"more-link\">Seguir leyendo <span class=\"screen-reader-text\">La Asociaci\u00f3n<\/span> <span class=\"meta-nav\">&rarr;<\/span><\/a><\/p>\n","protected":false},"author":1,"featured_media":0,"parent":0,"menu_order":0,"comment_status":"closed","ping_status":"closed","template":"","meta":{"footnotes":""},"class_list":["post-28","page","type-page","status-publish","hentry"],"_links":{"self":[{"href":"https:\/\/ingegraf.es\/index.php?rest_route=\/wp\/v2\/pages\/28","targetHints":{"allow":["GET"]}}],"collection":[{"href":"https:\/\/ingegraf.es\/index.php?rest_route=\/wp\/v2\/pages"}],"about":[{"href":"https:\/\/ingegraf.es\/index.php?rest_route=\/wp\/v2\/types\/page"}],"author":[{"embeddable":true,"href":"https:\/\/ingegraf.es\/index.php?rest_route=\/wp\/v2\/users\/1"}],"replies":[{"embeddable":true,"href":"https:\/\/ingegraf.es\/index.php?rest_route=%2Fwp%2Fv2%2Fcomments&post=28"}],"version-history":[{"count":67,"href":"https:\/\/ingegraf.es\/index.php?rest_route=\/wp\/v2\/pages\/28\/revisions"}],"predecessor-version":[{"id":2232,"href":"https:\/\/ingegraf.es\/index.php?rest_route=\/wp\/v2\/pages\/28\/revisions\/2232"}],"wp:attachment":[{"href":"https:\/\/ingegraf.es\/index.php?rest_route=%2Fwp%2Fv2%2Fmedia&parent=28"}],"curies":[{"name":"wp","href":"https:\/\/api.w.org\/{rel}","templated":true}]}}