{"id":2179,"date":"2025-11-24T15:39:01","date_gmt":"2025-11-24T15:39:01","guid":{"rendered":"https:\/\/ingegraf.es\/?page_id=2179"},"modified":"2025-11-28T11:05:19","modified_gmt":"2025-11-28T11:05:19","slug":"politica-de-cookies","status":"publish","type":"page","link":"https:\/\/ingegraf.es\/?page_id=2179","title":{"rendered":"POL\u00cdTICA DE COOKIES"},"content":{"rendered":"\n<h2 class=\"wp-block-heading\">\u00bfQu\u00e9 son las cookies?<\/h2>\n\n\n\n<p>Una cookie es un peque\u00f1o archivo de texto que se almacena en su navegador cuando visita casi cualquier p\u00e1gina web con el fin de mejorar la experiencia de navegaci\u00f3n y analizar el tr\u00e1fico. <\/p>\n\n\n\n<p>Su utilidad es que la web sea capaz de recordar su visita cuando vuelva a navegar por esa p\u00e1gina. Sin embargo, no todas las cookies son iguales ni tienen la misma finalidad.<\/p>\n\n\n\n<h2 class=\"wp-block-heading\"> Tipos de Cookies<\/h2>\n\n\n\n<ul class=\"wp-block-list\">\n<li><strong>T\u00e9cnicas:<\/strong> funcionamiento b\u00e1sico de la web<\/li>\n\n\n\n<li><strong>Personalizaci\u00f3n:<\/strong> idioma y preferencias<\/li>\n\n\n\n<li><strong>An\u00e1lisis:<\/strong> estad\u00edsticas de uso (ej. Google Analytics)<\/li>\n\n\n\n<li><strong>Terceros:<\/strong> redes sociales, v\u00eddeos, etc.<\/li>\n<\/ul>\n\n\n\n<h2 class=\"wp-block-heading\"><strong>Ausencia de cookies de rastreo y publicidad<\/strong><\/h2>\n\n\n\n<p>En cumplimiento con lo dispuesto en el art\u00edculo 22.2 de la Ley 34\/2002, de 11 de julio, de Servicios de la Sociedad de la Informaci\u00f3n y de Comercio Electr\u00f3nico (LSSI-CE), INGEGRAF (Asociaci\u00f3n de Profesores de Expresi\u00f3n Gr\u00e1fica en la Ingenier\u00eda) informa a los usuarios que el dominio ingegraf.es <strong>no utiliza cookies propias ni de terceros <\/strong>con fines anal\u00edticos, publicitarios o de elaboraci\u00f3n de perfiles de navegaci\u00f3n.<\/p>\n\n\n\n<h2 class=\"wp-block-heading\"><strong>\u00bfQu\u00e9 cookies utilizamos entonces?<\/strong><\/h2>\n\n\n\n<p>Este sitio web utiliza \u00fanicamente <strong>cookies t\u00e9cnicas estrictamente necesarias<\/strong> destinadas a permitir la navegaci\u00f3n del usuario a trav\u00e9s de la p\u00e1gina web y la utilizaci\u00f3n de las diferentes opciones o servicios que en ella existen (por ejemplo, identificar la sesi\u00f3n o gestionar par\u00e1metros de seguridad). Seg\u00fan la normativa vigente y el criterio de la Agencia Espa\u00f1ola de Protecci\u00f3n de Datos (AEPD), <strong>estas cookies est\u00e1n exentas el consentimiento informado del usuario<\/strong> ya que son necesarias para la prestaci\u00f3n del servicio solicitado.<\/p>\n\n\n\n<p>Las funciones de estas cookies t\u00e9cnicas incluyen:<\/p>\n\n\n\n<ul class=\"wp-block-list\">\n<li>Permitir la navegaci\u00f3n a trav\u00e9s de la p\u00e1gina web.<\/li>\n\n\n\n<li>Gestionar par\u00e1metros de seguridad, as\u00ed como optimizar las funcionalidades y dise\u00f1o de este sitio web.<\/li>\n\n\n\n<li>Identificar la sesi\u00f3n y mejorar su experiencia, \u00fanica y exclusivamente durante el periodo de tiempo que navegue por la web..<\/li>\n<\/ul>\n\n\n\n<h2 class=\"wp-block-heading\"><strong>Enlaces a terceros<\/strong><\/h2>\n\n\n\n<p>El portal ingegraf.es puede contener enlaces a sitios web de terceros (por ejemplo, enlaces a universidades, redes sociales de la asociaci\u00f3n o v\u00eddeos externos). Las pol\u00edticas de privacidad y cookies de dichos sitios son ajenas a INGEGRAF. Al acceder a tales sitios web, usted podr\u00e1 decidir si acepta sus respectivas pol\u00edticas de privacidad y de cookies.<\/p>\n\n\n\n<p><\/p>\n","protected":false},"excerpt":{"rendered":"<p>\u00bfQu\u00e9 son las cookies? Una cookie es un peque\u00f1o archivo de texto que se almacena en su navegador cuando visita casi cualquier p\u00e1gina web con el fin de mejorar la experiencia de navegaci\u00f3n y analizar el tr\u00e1fico. Su utilidad es que la web sea capaz de recordar su visita cuando vuelva a navegar por esa &hellip; <a href=\"https:\/\/ingegraf.es\/?page_id=2179\" class=\"more-link\">Seguir leyendo <span class=\"screen-reader-text\">POL\u00cdTICA DE COOKIES<\/span> <span class=\"meta-nav\">&rarr;<\/span><\/a><\/p>\n","protected":false},"author":9859,"featured_media":0,"parent":0,"menu_order":0,"comment_status":"closed","ping_status":"closed","template":"","meta":{"footnotes":""},"class_list":["post-2179","page","type-page","status-publish","hentry"],"_links":{"self":[{"href":"https:\/\/ingegraf.es\/index.php?rest_route=\/wp\/v2\/pages\/2179","targetHints":{"allow":["GET"]}}],"collection":[{"href":"https:\/\/ingegraf.es\/index.php?rest_route=\/wp\/v2\/pages"}],"about":[{"href":"https:\/\/ingegraf.es\/index.php?rest_route=\/wp\/v2\/types\/page"}],"author":[{"embeddable":true,"href":"https:\/\/ingegraf.es\/index.php?rest_route=\/wp\/v2\/users\/9859"}],"replies":[{"embeddable":true,"href":"https:\/\/ingegraf.es\/index.php?rest_route=%2Fwp%2Fv2%2Fcomments&post=2179"}],"version-history":[{"count":6,"href":"https:\/\/ingegraf.es\/index.php?rest_route=\/wp\/v2\/pages\/2179\/revisions"}],"predecessor-version":[{"id":2208,"href":"https:\/\/ingegraf.es\/index.php?rest_route=\/wp\/v2\/pages\/2179\/revisions\/2208"}],"wp:attachment":[{"href":"https:\/\/ingegraf.es\/index.php?rest_route=%2Fwp%2Fv2%2Fmedia&parent=2179"}],"curies":[{"name":"wp","href":"https:\/\/api.w.org\/{rel}","templated":true}]}}