{"id":2177,"date":"2025-11-24T15:38:13","date_gmt":"2025-11-24T15:38:13","guid":{"rendered":"https:\/\/ingegraf.es\/?page_id=2177"},"modified":"2025-11-24T15:38:13","modified_gmt":"2025-11-24T15:38:13","slug":"aviso-legal","status":"publish","type":"page","link":"https:\/\/ingegraf.es\/?page_id=2177","title":{"rendered":"AVISO LEGAL"},"content":{"rendered":"\n<h2 class=\"wp-block-heading\">1. Informaci\u00f3n General<\/h2>\n\n\n\n<ul class=\"wp-block-list\">\n<li><strong>Titular:<\/strong> INGEGRAF Asociaci\u00f3n Espa\u00f1ola de Ingenier\u00eda Gr\u00e1fica<\/li>\n\n\n\n<li><strong>NIF:<\/strong> G80135445<\/li>\n\n\n\n<li><strong>Direcci\u00f3n:<\/strong> Calle Jos\u00e9 Guti\u00e9rrez Abascal, n\u00ba 2, Madrid<\/li>\n\n\n\n<li><strong>Secretar\u00eda:<\/strong> Universidad Polit\u00e9cnica de Valencia<\/li>\n\n\n\n<li><strong>Tel\u00e9fono\/WhatsApp:<\/strong> +34 611053525<\/li>\n\n\n\n<li><strong>Email:<\/strong> <a href=\"mailto:info@ingegraf.es\">info@ingegraf.es<\/a><\/li>\n\n\n\n<li><strong>Web:<\/strong> <a href=\"https:\/\/ingegraf.es\/\">https:\/\/ingegraf.es\/<\/a><\/li>\n<\/ul>\n\n\n\n<h2 class=\"wp-block-heading\">2. Condiciones de Uso<\/h2>\n\n\n\n<p>El acceso a la web implica la aceptaci\u00f3n de estas condiciones. El usuario se compromete a un uso adecuado de los contenidos.<\/p>\n\n\n\n<h2 class=\"wp-block-heading\">3. Propiedad Intelectual<\/h2>\n\n\n\n<p>Todos los contenidos son propiedad de INGEGRAF o de terceros autorizados. Queda prohibida su reproducci\u00f3n sin permiso.<\/p>\n\n\n\n<h2 class=\"wp-block-heading\">4. Responsabilidad<\/h2>\n\n\n\n<p>No nos hacemos responsables de da\u00f1os derivados del uso de la web ni de enlaces externos.<\/p>\n\n\n\n<h2 class=\"wp-block-heading\">5. Legislaci\u00f3n<\/h2>\n\n\n\n<p>Este aviso se rige por la legislaci\u00f3n espa\u00f1ola. Competencia: juzgados y tribunales de Madrid.<\/p>\n","protected":false},"excerpt":{"rendered":"<p>1. Informaci\u00f3n General 2. Condiciones de Uso El acceso a la web implica la aceptaci\u00f3n de estas condiciones. El usuario se compromete a un uso adecuado de los contenidos. 3. Propiedad Intelectual Todos los contenidos son propiedad de INGEGRAF o de terceros autorizados. Queda prohibida su reproducci\u00f3n sin permiso. 4. Responsabilidad No nos hacemos responsables &hellip; <a href=\"https:\/\/ingegraf.es\/?page_id=2177\" class=\"more-link\">Seguir leyendo <span class=\"screen-reader-text\">AVISO LEGAL<\/span> <span class=\"meta-nav\">&rarr;<\/span><\/a><\/p>\n","protected":false},"author":9859,"featured_media":0,"parent":0,"menu_order":0,"comment_status":"closed","ping_status":"closed","template":"","meta":{"footnotes":""},"class_list":["post-2177","page","type-page","status-publish","hentry"],"_links":{"self":[{"href":"https:\/\/ingegraf.es\/index.php?rest_route=\/wp\/v2\/pages\/2177","targetHints":{"allow":["GET"]}}],"collection":[{"href":"https:\/\/ingegraf.es\/index.php?rest_route=\/wp\/v2\/pages"}],"about":[{"href":"https:\/\/ingegraf.es\/index.php?rest_route=\/wp\/v2\/types\/page"}],"author":[{"embeddable":true,"href":"https:\/\/ingegraf.es\/index.php?rest_route=\/wp\/v2\/users\/9859"}],"replies":[{"embeddable":true,"href":"https:\/\/ingegraf.es\/index.php?rest_route=%2Fwp%2Fv2%2Fcomments&post=2177"}],"version-history":[{"count":1,"href":"https:\/\/ingegraf.es\/index.php?rest_route=\/wp\/v2\/pages\/2177\/revisions"}],"predecessor-version":[{"id":2178,"href":"https:\/\/ingegraf.es\/index.php?rest_route=\/wp\/v2\/pages\/2177\/revisions\/2178"}],"wp:attachment":[{"href":"https:\/\/ingegraf.es\/index.php?rest_route=%2Fwp%2Fv2%2Fmedia&parent=2177"}],"curies":[{"name":"wp","href":"https:\/\/api.w.org\/{rel}","templated":true}]}}