{"id":2175,"date":"2025-11-24T15:37:36","date_gmt":"2025-11-24T15:37:36","guid":{"rendered":"https:\/\/ingegraf.es\/?page_id=2175"},"modified":"2025-11-28T10:59:43","modified_gmt":"2025-11-28T10:59:43","slug":"politica-de-privacidad-y-tratamiento-de-datos-personales","status":"publish","type":"page","link":"https:\/\/ingegraf.es\/?page_id=2175","title":{"rendered":"POL\u00cdTICA DE PRIVACIDAD Y TRATAMIENTO DE DATOS PERSONALES"},"content":{"rendered":"\n<h2 class=\"wp-block-heading\">1. Identidad del Responsable<\/h2>\n\n\n\n<h3 class=\"wp-block-heading\">INGEGRAF Asociaci\u00f3n de Profesores de Expresi\u00f3n Gr\u00e1fica en la Ingenier\u00eda<\/h3>\n\n\n\n<ul class=\"wp-block-list\">\n<li><strong>NIF:<\/strong> G80135445<\/li>\n\n\n\n<li><strong>Domicilio social:<\/strong> Calle Jos\u00e9 Guti\u00e9rrez Abascal, n\u00ba 2, Madrid, Espa\u00f1a<\/li>\n\n\n\n<li><strong>Secretar\u00eda:<\/strong> Universidad Polit\u00e9cnica de Valencia, Camino de Vera s\/n, Edificio 8-H Planta 1\u00aa, CITG \u2013 \u00c1rea Ingegraf, 46022 Valencia \u2013 Espa\u00f1a<\/li>\n\n\n\n<li><strong>Tel\u00e9fono\/WhatsApp:<\/strong> +34 611053525<\/li>\n\n\n\n<li><strong>Correo electr\u00f3nico:<\/strong> info@ingegraf.es<\/li>\n\n\n\n<li><strong>Web:<\/strong> <a href=\"https:\/\/ingegraf.es\/\">https:\/\/ingegraf.es<\/a><\/li>\n<\/ul>\n\n\n\n<h2 class=\"wp-block-heading\">2. Finalidad del Tratamiento<\/h2>\n\n\n\n<ul class=\"wp-block-list\">\n<li>Gesti\u00f3n de socios y asociados<\/li>\n\n\n\n<li>Atenci\u00f3n de consultas y solicitudes<\/li>\n\n\n\n<li>Env\u00edo de informaci\u00f3n sobre actividades, congresos y publicaciones<\/li>\n\n\n\n<li>Cumplimiento de obligaciones legales<\/li>\n<\/ul>\n\n\n\n<h2 class=\"wp-block-heading\">3. Legitimaci\u00f3n<\/h2>\n\n\n\n<ul class=\"wp-block-list\">\n<li>Consentimiento expreso del interesado<\/li>\n\n\n\n<li>Ejecuci\u00f3n de la relaci\u00f3n asociativa<\/li>\n\n\n\n<li>Obligaciones legales<\/li>\n<\/ul>\n\n\n\n<h2 class=\"wp-block-heading\">4. Conservaci\u00f3n<\/h2>\n\n\n\n<p>Los datos se conservar\u00e1n mientras exista relaci\u00f3n con la asociaci\u00f3n y durante los plazos legales aplicables.<\/p>\n\n\n\n<h2 class=\"wp-block-heading\">5. Comunicaci\u00f3n de Datos<\/h2>\n\n\n\n<p>No se ceder\u00e1n a terceros salvo obligaci\u00f3n legal o servicios vinculados a la asociaci\u00f3n.<\/p>\n\n\n\n<h2 class=\"wp-block-heading\">6. Derechos<\/h2>\n\n\n\n<p>Los usuarios pueden ejercer sus derechos de acceso, rectificaci\u00f3n, supresi\u00f3n, limitaci\u00f3n, oposici\u00f3n y portabilidad escribiendo a <strong>info@ingegraf.es<\/strong>.<\/p>\n\n\n\n<h2 class=\"wp-block-heading\">7. Seguridad<\/h2>\n\n\n\n<p>Se aplican medidas t\u00e9cnicas y organizativas para garantizar la protecci\u00f3n de los datos.<\/p>\n\n\n\n<h2 class=\"wp-block-heading\">8. Cookies<\/h2>\n\n\n\n<p>Este sitio web utiliza \u00fanicamente cookies t\u00e9cnicas estrictamente necesarias destinadas a permitir la navegaci\u00f3n del usuario a trav\u00e9s de la p\u00e1gina web y la utilizaci\u00f3n de las diferentes opciones o servicios que en ella existen (por ejemplo, identificar la sesi\u00f3n o gestionar par\u00e1metros de seguridad).\u00a0M\u00e1s informaci\u00f3n en la secci\u00f3n <strong>Pol\u00edtica de Cookies<\/strong>.<\/p>\n\n\n\n<h2 class=\"wp-block-heading\">9. Enlaces<\/h2>\n\n\n\n<p>No nos responsabilizamos de las pol\u00edticas de privacidad de sitios externos enlazados.<\/p>\n\n\n\n<h2 class=\"wp-block-heading\">10. Modificaciones<\/h2>\n\n\n\n<p>La asociaci\u00f3n podr\u00e1 actualizar esta pol\u00edtica y publicar\u00e1 los cambios en esta p\u00e1gina.<\/p>\n","protected":false},"excerpt":{"rendered":"<p>1. Identidad del Responsable INGEGRAF Asociaci\u00f3n de Profesores de Expresi\u00f3n Gr\u00e1fica en la Ingenier\u00eda 2. Finalidad del Tratamiento 3. Legitimaci\u00f3n 4. Conservaci\u00f3n Los datos se conservar\u00e1n mientras exista relaci\u00f3n con la asociaci\u00f3n y durante los plazos legales aplicables. 5. Comunicaci\u00f3n de Datos No se ceder\u00e1n a terceros salvo obligaci\u00f3n legal o servicios vinculados a la &hellip; <a href=\"https:\/\/ingegraf.es\/?page_id=2175\" class=\"more-link\">Seguir leyendo <span class=\"screen-reader-text\">POL\u00cdTICA DE PRIVACIDAD Y TRATAMIENTO DE DATOS PERSONALES<\/span> <span class=\"meta-nav\">&rarr;<\/span><\/a><\/p>\n","protected":false},"author":9859,"featured_media":0,"parent":0,"menu_order":0,"comment_status":"closed","ping_status":"closed","template":"","meta":{"footnotes":""},"class_list":["post-2175","page","type-page","status-publish","hentry"],"_links":{"self":[{"href":"https:\/\/ingegraf.es\/index.php?rest_route=\/wp\/v2\/pages\/2175","targetHints":{"allow":["GET"]}}],"collection":[{"href":"https:\/\/ingegraf.es\/index.php?rest_route=\/wp\/v2\/pages"}],"about":[{"href":"https:\/\/ingegraf.es\/index.php?rest_route=\/wp\/v2\/types\/page"}],"author":[{"embeddable":true,"href":"https:\/\/ingegraf.es\/index.php?rest_route=\/wp\/v2\/users\/9859"}],"replies":[{"embeddable":true,"href":"https:\/\/ingegraf.es\/index.php?rest_route=%2Fwp%2Fv2%2Fcomments&post=2175"}],"version-history":[{"count":2,"href":"https:\/\/ingegraf.es\/index.php?rest_route=\/wp\/v2\/pages\/2175\/revisions"}],"predecessor-version":[{"id":2206,"href":"https:\/\/ingegraf.es\/index.php?rest_route=\/wp\/v2\/pages\/2175\/revisions\/2206"}],"wp:attachment":[{"href":"https:\/\/ingegraf.es\/index.php?rest_route=%2Fwp%2Fv2%2Fmedia&parent=2175"}],"curies":[{"name":"wp","href":"https:\/\/api.w.org\/{rel}","templated":true}]}}