{"id":217,"date":"2014-03-22T11:24:12","date_gmt":"2014-03-22T11:24:12","guid":{"rendered":"http:\/\/s621472710.mialojamiento.es\/?page_id=217"},"modified":"2025-11-26T09:10:28","modified_gmt":"2025-11-26T09:10:28","slug":"docencia","status":"publish","type":"page","link":"https:\/\/ingegraf.es\/?page_id=217","title":{"rendered":"Publicaciones Docentes"},"content":{"rendered":"<h3>Las TIC y la Ingenier\u00eda Gr\u00e1fica<\/h3>\n<p>Recomendamos la publicaci\u00f3n:<\/p>\n<p><strong>Las TIC y la Ingenier\u00eda Gr\u00e1fica<\/strong><\/p>\n<p>de los autores:<\/p>\n<p><strong>Oscar Farrerons Vidal<\/strong><br \/>\nDoctor en Ingenier\u00eda Multimedia y Arquitecto<\/p>\n<p><strong>Noelia Olmedo Torre<\/strong><br \/>\nDoctora en Ingenier\u00eda Multimedia e Ingeniera de Telecomunicaciones<\/p>\n<p>Introducci\u00f3n:<\/p>\n<p>El libro es un trabajo de investigaci\u00f3n que tiene por objeto estudiar las t\u00e9cnicas docentes de Ingenier\u00eda Gr\u00e1fica en los estudios de ingenier\u00eda industrial en Espa\u00f1a, y analizar de forma emp\u00edrica la planificaci\u00f3n docente del \u00e1rea en la Universidad Polit\u00e9cnica de Catalunya (UPC).<br \/>\n<a href=\"http:\/\/www.omniascience.com\/monographs\/index.php\/monograficos\/article\/view\/306\/229\" target=\"_blank\" rel=\"noopener\"><strong>ENLACE PUBLICACI\u00d3N<\/strong><\/a><\/p>\n<p>&nbsp;<\/p>\n<h3><span style=\"color: #808080;\">Technical sketching according to the iso drawing standards<\/span><\/h3>\n<p>Publicado libro en ingl\u00e9s en la Universitat Polit\u00e8cnica de Val\u00e8ncia, para los grupos ARA\u00a0(Alto Rendimiento Acad\u00e9mico) que se imparte la docencia en ingl\u00e9s.<\/p>\n<p>ISBN: 978-84-9048-144-8<br \/>\nDrawing standards are the written rules that establish the conventions to be applied\u00a0in the representation of engineering components for designing, manufacturing and\u00a0quality control purposes. These rules integrate a common language for the Graphic\u00a0Engineering field, and make possible the transmission of graphical information\u00a0among different professionals, regardless of their country of origin. \u201cTechnical\u00a0sketching according to the ISO drawing standards\u201d explains, by means of multiple\u00a0examples and detailed comments, the essential and most important drawing\u00a0standards published by the International Standards Organization (ISO). Firstly, this\u00a0book exposes the employment of the basic rules for graphical representation,\u00a0conventional views, non-conventional views, cross-sections, sections and\u00a0dimensions. Secondly, the representation of threads and assemblies is described.\u00a0Finally, the integration of roughness requirements, size tolerance and geometric\u00a0tolerance in technical drawings is approached.<\/p>\n<p>&nbsp;<\/p>\n<h3><span style=\"color: #808080;\">Dibujo T\u00e9cnico. Sistema Axonom\u00e9trico\u00a0<\/span><\/h3>\n<p>Jos\u00e9 Mart\u00ed Dolz y Javier Dominguez Rodrigo<\/p>\n<p>Manual universitario muy \u00fatil para la preparaci\u00f3n del ingreso en una carrera t\u00e9cnica y la iniciaci\u00f3n en el conocimiento de la Expresi\u00f3n Gr\u00e1fica en la Ingenier\u00eda de modo claro, sencillo y emp\u00edrico.<\/p>\n<p>Facilita la comprensi\u00f3n de la AXONOMETR\u00cdA que basada en la proyecci\u00f3n cil\u00edndrica (ortogonal u oblicua) constituye un sistema de representaci\u00f3n que a\u00fana la visualizaci\u00f3n tridimensional con la f\u00e1cil determinaci\u00f3n de las magnitudes reales de los objetos.<\/p>\n<p>La amplia colecci\u00f3n de formas, piezas y objetos en general determinados con rigor en perspectiva y representados mediante sus vistas, permiten al estudiante ejercitarse seg\u00fan su nivel, <i>aprendiendo a ver <\/i>y asimilar la <i>gram\u00e1tica<\/i> del dibujo t\u00e9cnico de manera progresiva y continua.<\/p>\n<p>&nbsp;<\/p>\n<h3><a title=\"Diccionario Espa\u00f1ol de Ingenier\u00eda\" href=\"http:\/\/diccionario.raing.es\/\" target=\"_blank\" rel=\"noopener\"><span style=\"color: #888888;\"><span style=\"color: #888888;\">Diccionario Espa\u00f1ol de Ingenier\u00eda.\u00a0<\/span><\/span><\/a><\/h3>\n<p>Esta primera edici\u00f3n del\u00a0<em>Diccionario Espa\u00f1ol de Ingenier\u00eda<\/em>\u00a0incluye m\u00e1s de 50.000 voces de la Ingenier\u00eda pero, al igual que la lengua de la que se alimenta, es una obra viva que se ir\u00e1 actualizando a medida que surjan nuevos avances tecnol\u00f3gicos y con ellos nuevos t\u00e9rminos.<\/p>\n<p>&nbsp;<\/p>\n<p>&nbsp;<\/p>\n<h3><span style=\"color: #808080;\">Fabricated: The New World of 3D Printing<\/span><\/h3>\n<p style=\"text-align: left;\">Los autores resumen lo que llaman<em> \u201clos diez principios de la impresi\u00f3n 3d<\/em>\u201c; que suponen un buen resumen de las caracter\u00edsticas y principales ventajas de la impresi\u00f3n 3d. Algunos de ellos a\u00fan no se han cumplido, pero llegar\u00e1n, y sirven para hacerse una idea general de que cuales son las ventajas de la impresi\u00f3n 3d frente a la fabricaci\u00f3n tradicional.<\/p>\n<p>&nbsp;<\/p>\n","protected":false},"excerpt":{"rendered":"<p>Las TIC y la Ingenier\u00eda Gr\u00e1fica Recomendamos la publicaci\u00f3n: Las TIC y la Ingenier\u00eda Gr\u00e1fica de los autores: Oscar Farrerons Vidal Doctor en Ingenier\u00eda Multimedia y Arquitecto Noelia Olmedo Torre Doctora en Ingenier\u00eda Multimedia e Ingeniera de Telecomunicaciones Introducci\u00f3n: El libro es un trabajo de investigaci\u00f3n que tiene por objeto estudiar las t\u00e9cnicas docentes de &hellip; <a href=\"https:\/\/ingegraf.es\/?page_id=217\" class=\"more-link\">Seguir leyendo <span class=\"screen-reader-text\">Publicaciones Docentes<\/span> <span class=\"meta-nav\">&rarr;<\/span><\/a><\/p>\n","protected":false},"author":1,"featured_media":0,"parent":15,"menu_order":0,"comment_status":"closed","ping_status":"closed","template":"","meta":{"footnotes":""},"class_list":["post-217","page","type-page","status-publish","hentry"],"_links":{"self":[{"href":"https:\/\/ingegraf.es\/index.php?rest_route=\/wp\/v2\/pages\/217","targetHints":{"allow":["GET"]}}],"collection":[{"href":"https:\/\/ingegraf.es\/index.php?rest_route=\/wp\/v2\/pages"}],"about":[{"href":"https:\/\/ingegraf.es\/index.php?rest_route=\/wp\/v2\/types\/page"}],"author":[{"embeddable":true,"href":"https:\/\/ingegraf.es\/index.php?rest_route=\/wp\/v2\/users\/1"}],"replies":[{"embeddable":true,"href":"https:\/\/ingegraf.es\/index.php?rest_route=%2Fwp%2Fv2%2Fcomments&post=217"}],"version-history":[{"count":45,"href":"https:\/\/ingegraf.es\/index.php?rest_route=\/wp\/v2\/pages\/217\/revisions"}],"predecessor-version":[{"id":2108,"href":"https:\/\/ingegraf.es\/index.php?rest_route=\/wp\/v2\/pages\/217\/revisions\/2108"}],"up":[{"embeddable":true,"href":"https:\/\/ingegraf.es\/index.php?rest_route=\/wp\/v2\/pages\/15"}],"wp:attachment":[{"href":"https:\/\/ingegraf.es\/index.php?rest_route=%2Fwp%2Fv2%2Fmedia&parent=217"}],"curies":[{"name":"wp","href":"https:\/\/api.w.org\/{rel}","templated":true}]}}