{"id":1206,"date":"2016-03-29T11:14:47","date_gmt":"2016-03-29T11:14:47","guid":{"rendered":"http:\/\/s621472710.mialojamiento.es\/?page_id=1206"},"modified":"2017-01-12T11:52:13","modified_gmt":"2017-01-12T11:52:13","slug":"jornada-ingegraf-2016-zaragoza","status":"publish","type":"page","link":"https:\/\/ingegraf.es\/?page_id=1206","title":{"rendered":"Jornada INGEGRAF 2016 Zaragoza"},"content":{"rendered":"<p>[vc_column width=\u00bb1\/1&#8243; el_position=\u00bbfirst last\u00bb] [vc_column_text width=\u00bb1\/1&#8243; el_position=\u00bbfirst last\u00bb]<\/p>\n<p><a href=\"https:\/\/ingegraf.es\/?attachment_id=1421\" rel=\"attachment wp-att-1421\"><img loading=\"lazy\" decoding=\"async\" class=\"alignleft size-large wp-image-1421\" src=\"https:\/\/ingegraf.es\/wp-content\/uploads\/2016\/06\/logo_2016_za7-1-1024x321.jpg\" alt=\"logo_2016_za7\" width=\"1024\" height=\"321\" srcset=\"https:\/\/ingegraf.es\/wp-content\/uploads\/2016\/06\/logo_2016_za7-1-1024x321.jpg 1024w, https:\/\/ingegraf.es\/wp-content\/uploads\/2016\/06\/logo_2016_za7-1-300x94.jpg 300w, https:\/\/ingegraf.es\/wp-content\/uploads\/2016\/06\/logo_2016_za7-1-768x241.jpg 768w\" sizes=\"auto, (max-width: 1024px) 100vw, 1024px\" \/><\/a><\/p>\n<p>&nbsp;<\/p>\n<p>[\/vc_column_text] [\/vc_column] [vc_column width=\u00bb1\/3&#8243; el_position=\u00bbfirst\u00bb] [rb_text_icon style=\u00bbminimal\u00bb title=\u00bbJORNADA \u201cIngegraf+D+i\u201d Contribuci\u00f3n de la ingenier\u00eda gr\u00e1fica a la sociedad\u00bb icon=\u00bbcon-asterisk\u00bb target=\u00bb_self\u00bb width=\u00bb1\/1&#8243; el_position=\u00bbfirst last\u00bb] [\/rb_text_icon] [rb_box style=\u00bblight\u00bb width=\u00bb1\/1&#8243; el_position=\u00bbfirst last\u00bb]<\/p>\n<p>La jornada Ingegraf <strong>\u00abIngegraf+D+i\u00bb <\/strong>ofrece un foro para todos aquellos profesionales del sector, que deseen compartir sus experiencias de contribuci\u00f3n de la ingenier\u00eda gr\u00e1fica a la sociedad: I+D+i en cualquier campo: educaci\u00f3n, industrial, salud, gesti\u00f3n de la informaci\u00f3n.<\/p>\n<p>&nbsp;<\/p>\n<p>[\/rb_box] [vc_column_text width=\u00bb1\/1&#8243; el_position=\u00bbfirst last\u00bb]<\/p>\n<p>&nbsp;<\/p>\n<h4><span style=\"color: #3899c6;\">Sede de la Jornada<\/span><\/h4>\n<p><strong>Universidad de Zaragoza<\/strong><\/p>\n<p>Campus Rio Ebro,<br \/>\nMar\u00eda de Luna, s\/n,<br \/>\n50018 Zaragoza<\/p>\n<p><strong>Sal\u00f3n de Actos del Edificio Ada Byron<br \/>\n<strong>Escuela de Ingenier\u00eda y Arquitectura de Zaragoza (EINA)<\/strong><\/strong><\/p>\n<p>ENLACE: <a href=\"https:\/\/www.google.com\/maps\/place\/41%C2%B040'59.8%22N+0%C2%B053'19.6%22W\/@41.6836725,-0.8897918,356m\/data=!3m1!1e3!4m5!3m4!1s0x0:0x0!8m2!3d41.68329!4d-0.888767?hl=es\"><span style=\"color: #3899c6;\">MAPA GOOGLE<\/span><\/a><\/p>\n<p><iframe loading=\"lazy\" style=\"border: 0;\" src=\"https:\/\/www.google.com\/maps\/embed?pb=!1m18!1m12!1m3!1d3099.9999839575603!2d-0.8909556845649936!3d41.68328997923815!2m3!1f0!2f0!3f0!3m2!1i1024!2i768!4f13.1!3m3!1m2!1s0x0%3A0x0!2zNDHCsDQwJzU5LjgiTiAwwrA1MycxOS42Ilc!5e1!3m2!1ses!2ses!4v1466584847114\" width=\"125\" height=\"300\" frameborder=\"0\" allowfullscreen=\"allowfullscreen\"><\/iframe><\/p>\n<p>PARKING:<\/p>\n<p><iframe loading=\"lazy\" style=\"border: 0;\" src=\"https:\/\/www.google.com\/maps\/embed?pb=!1m18!1m12!1m3!1d3099.943663601722!2d-0.8909706845649505!3d41.68445897923798!2m3!1f0!2f0!3f0!3m2!1i1024!2i768!4f13.1!3m3!1m2!1s0x0%3A0x0!2zNDHCsDQxJzA0LjAiTiAwwrA1MycxOS42Ilc!5e1!3m2!1ses!2ses!4v1466585011749\" width=\"125\" height=\"300\" frameborder=\"0\" allowfullscreen=\"allowfullscreen\"><\/iframe><\/p>\n<p><strong>Para m\u00e1s informaci\u00f3n:<\/strong><br \/>\nWEB: <a href=\"https:\/\/ingegraf.es\"><span style=\"color: #3899c6;\">ingegraf.es<\/span><\/a><br \/>\nEMAIL: <a href=\"mailto:\/\/info@ingegraf.es\"><span style=\"color: #3899c6;\">info@ingegraf.es<\/span><\/a><br \/>\nM\u00d3VIL: <a href=\"tel:+34 635 676 360\"><span style=\"color: #3899c6;\">+34 635 676 360<\/span><\/a><\/p>\n<p>&nbsp;<\/p>\n<p>[\/vc_column_text] [rb_section_title title=\u00bbPUBLICACI\u00d3N\u00bb icon=\u00bbcon-asterisk\u00bb border=\u00bbtrue\u00bb margin=\u00bb35&#8243; width=\u00bb1\/1&#8243; el_position=\u00bbfirst last\u00bb]<\/p>\n<h4><span style=\"color: #3899c6;\">Libro de actas de la jornada<\/span><\/h4>\n<p><a href=\"https:\/\/zaguan.unizar.es\/record\/58431\/files\/BOOK-2017-004.pdf\">Enlace descarga libro acta jornada.<\/a><\/p>\n<p>&nbsp;<\/p>\n<p>[rb_section_title title=\u00bbTEM\u00c1TICA\u00bb icon=\u00bbcon-asterisk\u00bb border=\u00bbtrue\u00bb margin=\u00bb35&#8243; width=\u00bb1\/1&#8243; el_position=\u00bbfirst last\u00bb] [vc_column_text width=\u00bb1\/1&#8243; el_position=\u00bbfirst last\u00bb]<\/p>\n<p>Contribuci\u00f3n de la ingenier\u00eda gr\u00e1fica a la sociedad. I+D+i en cualquier campo:<\/p>\n<p>&#8211; Educaci\u00f3n<\/p>\n<p>&#8211; Ingenier\u00eda<\/p>\n<p>&#8211; Salud<\/p>\n<p>&#8211; Gesti\u00f3n de la informaci\u00f3n<\/p>\n<p>&#8211; Modelado y simulaci\u00f3n<\/p>\n<p>&#8211; Impresi\u00f3n 3D<\/p>\n<p>&#8211; Herramientas on-line<\/p>\n<p>&#8211; Dise\u00f1o colaborativo<\/p>\n<p>&#8211; Otros campos relacionados<\/p>\n<p>&nbsp;<\/p>\n<p>&nbsp;<\/p>\n<p>[\/vc_column_text] [\/vc_column] [vc_column width=\u00bb1\/3&#8243;] [rb_section_title title=\u00bbMODO DE PARTICIPACI\u00d3N\u00bb icon=\u00bbcon-asterisk\u00bb border=\u00bbtrue\u00bb margin=\u00bb35&#8243; width=\u00bb1\/1&#8243; el_position=\u00bbfirst last\u00bb] [vc_column_text width=\u00bb1\/1&#8243; el_position=\u00bbfirst last\u00bb]<\/p>\n<h4><\/h4>\n<h4><span style=\"color: #3899c6;\">Tipolog\u00eda de trabajos<\/span><\/h4>\n<p><strong>Se puede participar en la jornada presentando dos tipos de trabajos:<\/strong><\/p>\n<p>-Un resultado de investigaci\u00f3n y\/o docencia nuevo<\/p>\n<p>-La trayectoria investigadora y\/o docente completa de un profesor o grupo de profesores en una o varias de sus l\u00edneas de investigaci\u00f3n y\/o docencia, indicando los resultados ya obtenidos (publicaciones, patentes, transferencia de tecnolog\u00eda, premios o reconocimientos, etc.)<\/p>\n<p><strong>Los formatos de resumen, trabajo final y p\u00f3ster son los mismos para ambos tipos de trabajo.<\/strong><\/p>\n<p><a href=\"https:\/\/ingegraf.es\/wp-content\/uploads\/2016\/05\/LINEA_CITG_UPV.doc\"><span style=\"color: #3899c6;\">* Para descargar\u00a0ejemplo de linea de investigaci\u00f3n\u00a0clica aqu\u00ed<\/span><\/a><\/p>\n<h4><span style=\"color: #3899c6;\">Env\u00edo de res\u00famenes<\/span><\/h4>\n<p>&#8211; El resumen deber\u00e1 tener el formato facilitado por la organizaci\u00f3n. Idioma espa\u00f1ol.<\/p>\n<p><a href=\"http:\/\/s621472710.mialojamiento.es\/wp-content\/uploads\/2016\/04\/Plantilla_RESUMEN_jornadaIngegraf_2016-1.doc\"><span style=\"color: #3899c6;\"><span style=\"color: #3899c6;\">* Para descargar la plantilla clica aqu\u00ed<\/span><\/span><\/a><\/p>\n<p>&#8211; Extensi\u00f3n m\u00e1xima <strong>200 palabras.<\/strong><\/p>\n<p>&#8211; Fecha l\u00edmite de env\u00edo:\u00a0<strong><span style=\"color: #ff0000;\">Ampliaci\u00f3n a 5 e junio\u00a0de 2016<\/span>.<\/strong><\/p>\n<p>&#8211; Env\u00edo v\u00eda correo electr\u00f3nico a Ingegraf: <a href=\"mailto:\/\/info@ingegraf.es\"><span style=\"color: #3899c6;\">info@ingegraf.es<\/span><\/a><\/p>\n<p>&#8211; Fecha l\u00edmite para la comunicaci\u00f3n de aceptaci\u00f3n de trabajos: <strong><span style=\"color: #ff0000;\">7 de junio\u00a0de 2016<\/span>.<\/strong><\/p>\n<p>&#8211; Idioma espa\u00f1ol.<\/p>\n<p>&nbsp;<\/p>\n<h4><span style=\"color: #3899c6;\">Env\u00edo de\u00a0trabajos completos<br \/>\npara su publicaci\u00f3n<\/span><\/h4>\n<p>&#8211; Extensi\u00f3n m\u00e1xima recomendada: <strong>4 p\u00e1ginas<\/strong>.<\/p>\n<p>&#8211; Fecha l\u00edmite de env\u00edo: <span style=\"color: #ff0000;\"><strong>23 de junio de 2016<\/strong><\/span>.<\/p>\n<p>&#8211; Env\u00edo v\u00eda correo electr\u00f3nico a Ingegraf: <a href=\"mailto:\/\/info@ingegraf.es\"><span style=\"color: #3899c6;\">info@ingegraf.es<\/span><\/a><\/p>\n<p><a href=\"http:\/\/s621472710.mialojamiento.es\/wp-content\/uploads\/2016\/04\/Plantilla_PUBLICACION_jornadaIngegraf_2016-2.doc\"><span style=\"color: #3899c6;\"><span style=\"color: #3899c6;\">* Para descargar la plantilla clica aqu\u00ed<\/span><\/span><\/a><\/p>\n<p>&nbsp;<\/p>\n<h4><span style=\"color: #3899c6;\">Participaci\u00f3n en la jornada<\/span><\/h4>\n<p>Los trabajos aceptados se presentar\u00e1n mediante p\u00f3ster durante la jornada. El p\u00f3ster deber\u00e1 tener el formato facilitado por la organizaci\u00f3n.\u00a0Idioma espa\u00f1ol.<\/p>\n<p><a href=\"http:\/\/s621472710.mialojamiento.es\/wp-content\/uploads\/2016\/03\/Plantilla_POSTER_jornadaIngegraf_2016.ppt\"><span style=\"color: #3899c6;\"><span style=\"color: #3899c6;\">* Para descargar la plantilla p\u00f3ster clica aqu\u00ed<\/span><\/span><\/a><\/p>\n<p>&nbsp;<\/p>\n<p>[\/vc_column_text] [rb_section_title title=\u00bbPREMIOS\u00bb icon=\u00bbcon-asterisk\u00bb border=\u00bbtrue\u00bb margin=\u00bb35&#8243; width=\u00bb1\/1&#8243; el_position=\u00bbfirst last\u00bb] [vc_column_text width=\u00bb1\/1&#8243; el_position=\u00bbfirst last\u00bb]<\/p>\n<p><strong>Se otorgar\u00e1n tres premios dotados de 1.000 euros a los tres mejores trabajos presentados a la jornada<\/strong>, independientemente de su tipolog\u00eda. Para optar a premio, al menos un 50% de los autores del trabajo premiado deber\u00e1n ser socios de Ingegraf. El premio se har\u00e1 p\u00fablico durante la comida.<\/p>\n<p>Para determinar cu\u00e1les deben ser los trabajos premiados, los socios asistentes votar\u00e1n a los tres mejores trabajos. La votaci\u00f3n tendr\u00e1 lugar durante la sesi\u00f3n de posters y ser\u00e1 nominal.\u00a0Finalmente, la comisi\u00f3n cient\u00edfica har\u00e1 el recuento de los votos, decidir\u00e1 en caso de empates, y emitir\u00e1 el fallo.<\/p>\n<p>[\/vc_column_text] [\/vc_column] [vc_column width=\u00bb1\/3&#8243; el_position=\u00bblast\u00bb] [rb_section_title title=\u00bbAGENDA\u00bb icon=\u00bbcon-asterisk\u00bb border=\u00bbtrue\u00bb margin=\u00bb35&#8243; width=\u00bb1\/1&#8243; el_position=\u00bbfirst last\u00bb] [vc_column_text width=\u00bb1\/1&#8243; el_position=\u00bbfirst last\u00bb]<\/p>\n<p>HORARIO<\/p>\n<p>[\/vc_column_text] [vc_column_text width=\u00bb1\/1&#8243; el_position=\u00bbfirst last\u00bb]<\/p>\n<table border=\"1\" width=\"160\" cellspacing=\"0\" cellpadding=\"0\">\n<tbody>\n<tr>\n<td nowrap=\"nowrap\" width=\"10\"><span style=\"color: #3899c6;\">9:30<\/span><\/td>\n<td nowrap=\"nowrap\" width=\"150\">Recepci\u00f3n de participantes y<br \/>\nentrega de documentaci\u00f3n<\/td>\n<\/tr>\n<tr>\n<td nowrap=\"nowrap\" width=\"10\"><span style=\"color: #3899c6;\">10:00<\/span><\/td>\n<td nowrap=\"nowrap\" width=\"150\">Colocaci\u00f3n de p\u00f3sters<\/td>\n<\/tr>\n<tr>\n<td nowrap=\"nowrap\" width=\"10\"><span style=\"color: #3899c6;\">10:30<\/span><\/td>\n<td nowrap=\"nowrap\" width=\"150\">Ponencias:<\/p>\n<ul>\n<li><strong>D.\u00a0Eduardo J. S\u00e1nchez \u00c1lvarez<\/strong><br \/>\nInspector Jefe del Servicio de Extinci\u00f3n de Incendios de la Diputaci\u00f3n Provincial de Zaragoza.<br \/>\nProfesor asociado del \u00c1rea de Expresi\u00f3n Gr\u00e1fica en la Ingenier\u00eda (Universidad de Zaragoza)<\/li>\n<\/ul>\n<p>&nbsp;<\/p>\n<ul>\n<li><strong>D. Carmelo L\u00f3pez G\u00f3mez<\/strong><br \/>\nResponsable del Diploma de Especializaci\u00f3n Universitario en T\u00e9cnicas 3D para la Reconstrucci\u00f3n de Accidentes Laborales<br \/>\nProfesor titular del \u00c1rea de Expresi\u00f3n Gr\u00e1fica en la Ingenier\u00eda (Universidad de Zaragoza)<\/li>\n<\/ul>\n<\/td>\n<\/tr>\n<tr>\n<td nowrap=\"nowrap\" width=\"10\"><span style=\"color: #3899c6;\">11:30<\/span><\/td>\n<td nowrap=\"nowrap\" width=\"150\">Sesi\u00f3n de p\u00f3sters, votaci\u00f3n y caf\u00e9<\/td>\n<\/tr>\n<tr>\n<td nowrap=\"nowrap\" width=\"10\"><span style=\"color: #3899c6;\">12:30<\/span><\/td>\n<td nowrap=\"nowrap\" width=\"150\">Mesa Redonda:<br \/>\nIngenier\u00eda Gr\u00e1fica\u00a0en la sociedad<\/td>\n<\/tr>\n<tr>\n<td nowrap=\"nowrap\" width=\"10\"><span style=\"color: #3899c6;\">14:00<\/span><\/td>\n<td nowrap=\"nowrap\" width=\"150\">Comida y entrega de premios<\/td>\n<\/tr>\n<tr>\n<td nowrap=\"nowrap\" width=\"10\"><span style=\"color: #3899c6;\">16:00<\/span><\/td>\n<td nowrap=\"nowrap\" width=\"150\">Asamblea de Ingegraf<\/td>\n<\/tr>\n<\/tbody>\n<\/table>\n<p>&nbsp;<\/p>\n<p>&nbsp;<\/p>\n<p>&nbsp;<\/p>\n<p>[\/vc_column_text] [rb_section_title title=\u00bbCUOTA INSCRIPCI\u00d3N\u00bb icon=\u00bbcon-asterisk\u00bb border=\u00bbtrue\u00bb margin=\u00bb35&#8243; width=\u00bb1\/1&#8243; el_position=\u00bbfirst last\u00bb] [vc_column_text width=\u00bb1\/1&#8243; el_position=\u00bbfirst last\u00bb]<\/p>\n<h4><strong><span style=\"color: #3899c6;\">Inscripci\u00f3n<\/span><\/strong><\/h4>\n<p>Se ha abierto el periodo de inscripci\u00f3n a la jornada.\u00a0Para realizar la inscripci\u00f3n, se debe rellenar el formulario e\u00a0ingresar la cuota de participaci\u00f3n en la cuenta indicada en el propio\u00a0formulario. Tanto el formulario como el justificante de la transferencia\u00a0se deben remitir antes del <strong>20 de junio de 2016<\/strong> a la\u00a0direcci\u00f3n\u00a0electr\u00f3nica:\u00a0<a href=\"mailto:\/\/info@ingegraf.es\"><span style=\"color: #3899c6;\">info@ingegraf.es<\/span><\/a><\/p>\n<p>[\/vc_column_text] [vc_column_text width=\u00bb1\/1&#8243; el_position=\u00bbfirst last\u00bb]<\/p>\n<table border=\"1\" width=\"427\" cellspacing=\"0\" cellpadding=\"0\">\n<tbody>\n<tr>\n<td nowrap=\"nowrap\" width=\"298\"><span style=\"color: #3899c6;\">Socios de Ingegraf<\/span><\/p>\n<ul>\n<li>Asistencia a jornada (incluye comida): <strong>25\u20ac<\/strong><\/li>\n<\/ul>\n<div title=\"Page 2\">\n<div>\n<div>\n<p><strong>*A los socios inscritos se les aplicara\u0301 una<br \/>\nreduccio\u0301n de 25\u20ac en la cuota de<br \/>\nasociado a Ingegraf de 2016.<\/strong><\/p>\n<\/div>\n<\/div>\n<\/div>\n<\/td>\n<\/tr>\n<tr>\n<td nowrap=\"nowrap\" width=\"298\"><span style=\"color: #3899c6;\">Resto de participantes<\/span><\/p>\n<ul>\n<li>Asistencia a jornada (incluye comida): <strong>50\u20ac<\/strong><\/li>\n<\/ul>\n<\/td>\n<\/tr>\n<\/tbody>\n<\/table>\n<p><span style=\"color: #3366ff;\"><a href=\"https:\/\/ingegraf.es\/wp-content\/uploads\/2016\/06\/FORMULARIO_JornadaIngegraf_2016_1-1.pdf\" target=\"_blank\"> <span style=\"color: #3899c6;\"> DESCARGAR FORMULARIO <\/span><\/a><\/span><\/p>\n<p>[\/vc_column_text] [\/vc_column]<\/p>\n","protected":false},"excerpt":{"rendered":"<p>[vc_column width=\u00bb1\/1&#8243; el_position=\u00bbfirst last\u00bb] [vc_column_text width=\u00bb1\/1&#8243; el_position=\u00bbfirst last\u00bb] &nbsp; [\/vc_column_text] [\/vc_column] [vc_column width=\u00bb1\/3&#8243; el_position=\u00bbfirst\u00bb] [rb_text_icon style=\u00bbminimal\u00bb title=\u00bbJORNADA \u201cIngegraf+D+i\u201d Contribuci\u00f3n de la ingenier\u00eda gr\u00e1fica a la sociedad\u00bb icon=\u00bbcon-asterisk\u00bb target=\u00bb_self\u00bb width=\u00bb1\/1&#8243; el_position=\u00bbfirst last\u00bb] [\/rb_text_icon] [rb_box style=\u00bblight\u00bb width=\u00bb1\/1&#8243; el_position=\u00bbfirst last\u00bb] La jornada Ingegraf \u00abIngegraf+D+i\u00bb ofrece un foro para todos aquellos profesionales del sector, que deseen compartir sus experiencias &hellip; <a href=\"https:\/\/ingegraf.es\/?page_id=1206\" class=\"more-link\">Seguir leyendo <span class=\"screen-reader-text\">Jornada INGEGRAF 2016 Zaragoza<\/span> <span class=\"meta-nav\">&rarr;<\/span><\/a><\/p>\n","protected":false},"author":1,"featured_media":0,"parent":0,"menu_order":0,"comment_status":"closed","ping_status":"closed","template":"","meta":{"footnotes":""},"class_list":["post-1206","page","type-page","status-publish","hentry"],"_links":{"self":[{"href":"https:\/\/ingegraf.es\/index.php?rest_route=\/wp\/v2\/pages\/1206","targetHints":{"allow":["GET"]}}],"collection":[{"href":"https:\/\/ingegraf.es\/index.php?rest_route=\/wp\/v2\/pages"}],"about":[{"href":"https:\/\/ingegraf.es\/index.php?rest_route=\/wp\/v2\/types\/page"}],"author":[{"embeddable":true,"href":"https:\/\/ingegraf.es\/index.php?rest_route=\/wp\/v2\/users\/1"}],"replies":[{"embeddable":true,"href":"https:\/\/ingegraf.es\/index.php?rest_route=%2Fwp%2Fv2%2Fcomments&post=1206"}],"version-history":[{"count":115,"href":"https:\/\/ingegraf.es\/index.php?rest_route=\/wp\/v2\/pages\/1206\/revisions"}],"predecessor-version":[{"id":1540,"href":"https:\/\/ingegraf.es\/index.php?rest_route=\/wp\/v2\/pages\/1206\/revisions\/1540"}],"wp:attachment":[{"href":"https:\/\/ingegraf.es\/index.php?rest_route=%2Fwp%2Fv2%2Fmedia&parent=1206"}],"curies":[{"name":"wp","href":"https:\/\/api.w.org\/{rel}","templated":true}]}}