{"id":1146,"date":"2015-11-20T09:17:48","date_gmt":"2015-11-20T09:17:48","guid":{"rendered":"http:\/\/s621472710.mialojamiento.es\/?page_id=1146"},"modified":"2025-07-13T07:43:19","modified_gmt":"2025-07-13T07:43:19","slug":"alta-nuevos-socios","status":"publish","type":"page","link":"https:\/\/ingegraf.es\/?page_id=1146","title":{"rendered":"Alta SOCIOS"},"content":{"rendered":"<p>&nbsp;<\/p>\n<p>Para ser socio <strong>INGEGRAF<\/strong>, es necesario descargar, rellenar y firmar la ficha de alta de nuevo\/a asociado\/a que se encuentra disponible en esta p\u00e1gina. Posteriormente, se debe enviar un copia escaneada de dicho documento a la direcci\u00f3n electr\u00f3nica <strong><a title=\"Redactar mensaje para info@ingegraf.es\" href=\"https:\/\/webmail.upv.es\/dimp\/#\">info@ingegraf.es<\/a><\/strong>, indicando en el asunto <strong>ALTA NUEVO\/A SOCIO\/A<\/strong>.<\/p>\n<p><strong>La cuota anual de Ingegraf es de 48 euros<\/strong>. Este importe debe abonarse por domiciliaci\u00f3n bancaria. El pase de la cuota se realiza a principios de cada a\u00f1o natural. Los asociados son avisados con antelaci\u00f3n v\u00eda correo electr\u00f3nico del cargo. Los socios pueden solicitar un recibo del pago enviado un correo a la direcci\u00f3n electr\u00f3nica <strong><a title=\"Redactar mensaje para info@ingegraf.es\" href=\"https:\/\/webmail.upv.es\/dimp\/#\">info@ingegraf.es<\/a><\/strong>, indicando en el asunto <strong>SOLICITUD RECIBO CUOTA ANUAL<\/strong>.<\/p>\n<p><strong><a href=\"https:\/\/ingegraf.es\/wp-content\/uploads\/2018\/05\/FICHA_ALTA_ASOCIADO_INGEGRAF_V2018.doc\">\u00a0DESCARGAR FICHA ALTA<\/a><\/strong><\/p>\n<p><strong><strong><a href=\"https:\/\/ingegraf.es\/wp-content\/uploads\/2018\/05\/FICHA_BAJA_ASOCIADO_INGEGRAF_V2018_.doc\">\u00a0DESCARGAR FICHA BAJA<\/a><\/strong><\/strong><\/p>\n<p>&nbsp;<\/p>\n","protected":false},"excerpt":{"rendered":"<p>&nbsp; Para ser socio INGEGRAF, es necesario descargar, rellenar y firmar la ficha de alta de nuevo\/a asociado\/a que se encuentra disponible en esta p\u00e1gina. Posteriormente, se debe enviar un copia escaneada de dicho documento a la direcci\u00f3n electr\u00f3nica info@ingegraf.es, indicando en el asunto ALTA NUEVO\/A SOCIO\/A. La cuota anual de Ingegraf es de 48 &hellip; <a href=\"https:\/\/ingegraf.es\/?page_id=1146\" class=\"more-link\">Seguir leyendo <span class=\"screen-reader-text\">Alta SOCIOS<\/span> <span class=\"meta-nav\">&rarr;<\/span><\/a><\/p>\n","protected":false},"author":1,"featured_media":0,"parent":0,"menu_order":0,"comment_status":"closed","ping_status":"closed","template":"","meta":{"footnotes":""},"class_list":["post-1146","page","type-page","status-publish","hentry"],"_links":{"self":[{"href":"https:\/\/ingegraf.es\/index.php?rest_route=\/wp\/v2\/pages\/1146","targetHints":{"allow":["GET"]}}],"collection":[{"href":"https:\/\/ingegraf.es\/index.php?rest_route=\/wp\/v2\/pages"}],"about":[{"href":"https:\/\/ingegraf.es\/index.php?rest_route=\/wp\/v2\/types\/page"}],"author":[{"embeddable":true,"href":"https:\/\/ingegraf.es\/index.php?rest_route=\/wp\/v2\/users\/1"}],"replies":[{"embeddable":true,"href":"https:\/\/ingegraf.es\/index.php?rest_route=%2Fwp%2Fv2%2Fcomments&post=1146"}],"version-history":[{"count":27,"href":"https:\/\/ingegraf.es\/index.php?rest_route=\/wp\/v2\/pages\/1146\/revisions"}],"predecessor-version":[{"id":2119,"href":"https:\/\/ingegraf.es\/index.php?rest_route=\/wp\/v2\/pages\/1146\/revisions\/2119"}],"wp:attachment":[{"href":"https:\/\/ingegraf.es\/index.php?rest_route=%2Fwp%2Fv2%2Fmedia&parent=1146"}],"curies":[{"name":"wp","href":"https:\/\/api.w.org\/{rel}","templated":true}]}}