{"id":1087,"date":"2015-09-30T22:54:20","date_gmt":"2015-09-30T22:54:20","guid":{"rendered":"http:\/\/s621472710.mialojamiento.es\/?page_id=1087"},"modified":"2025-07-13T07:42:25","modified_gmt":"2025-07-13T07:42:25","slug":"ayudas","status":"publish","type":"page","link":"https:\/\/ingegraf.es\/?page_id=1087","title":{"rendered":"Ayudas"},"content":{"rendered":"<p>&nbsp;<\/p>\n<p><span style=\"color: #333333;\">Informaci\u00f3n del Ministerio sobre becas, ayudas, subvenciones y premios.\u00a0<span style=\"color: #3366ff;\"><a title=\"Ministerio de Educaci\u00f3n, Cultura y Deporte\" href=\"http:\/\/www.mecd.gob.es\/servicios-al-ciudadano-mecd\/becas-ayudas.html\" target=\"_blank\" rel=\"noopener\"><span style=\"color: #3366ff;\">Leer m\u00e1s&#8230;<\/span><\/a>\u00a0<\/span><\/span><\/p>\n<p>&nbsp;<\/p>\n<p>Portal espa\u00f1ol del Programa Marco de Investigaci\u00f3n e Innovaci\u00f3n de la Uni\u00f3n Europea.\u00a0<span style=\"color: #3366ff;\"><a title=\"HORIZONTE2020\" href=\"http:\/\/www.eshorizonte2020.es\/\" target=\"_blank\" rel=\"noopener\"><span style=\"color: #3366ff;\">Leer m\u00e1s&#8230;<\/span><\/a><\/span><\/p>\n<p>&nbsp;<\/p>\n<p>Portal Europeo del Programa Marco para la Investigaci\u00f3n e Innovaci\u00f3n de la Uni\u00f3n Europea.\u00a0<span style=\"color: #3366ff;\"><a title=\"HORIZON2020\" href=\"http:\/\/ec.europa.eu\/programmes\/horizon2020\/\" target=\"_blank\" rel=\"noopener\"><span style=\"color: #3366ff;\">Leer m\u00e1s&#8230;<\/span><\/a><\/span><\/p>\n<p>&nbsp;<\/p>\n<p>Investigadores en Movimiento es una iniciativa europea que proporciona acceso a una gama completa de servicios de informaci\u00f3n y apoyo a los investigadores que deseen proseguir sus carreras de investigaci\u00f3n <span style=\"color: #333333;\">en Eu<\/span>ropa o mantenerse en contacto con ella.<span style=\"color: #3366ff;\">\u00a0<a title=\"EURAXESS\" href=\"http:\/\/ec.europa.eu\/euraxess\/\" target=\"_blank\" rel=\"noopener\"><span style=\"color: #3366ff;\">Leer m\u00e1s<\/span><\/a><\/span><\/p>\n<p>&nbsp;<\/p>\n<p>El Organismo Aut\u00f3nomo Programas Educativos Europeos (OAPEE) est\u00e1 adscrito al Ministerio de Educaci\u00f3n, Cultura y Deporte y es la Agencia Nacional para la gesti\u00f3n del nuevo programa Erasmus+, en el \u00e1mbito de la educaci\u00f3n y la formaci\u00f3n (2014-2020) y del Programa de Aprendizaje Permanente (PAP) 2007-2013.<span style=\"color: #3366ff;\">\u00a0<a title=\"OAPEE\" href=\"http:\/\/www.oapee.es\/oapee\/inicio\/oapee.html\" target=\"_blank\" rel=\"noopener\"><span style=\"color: #3366ff;\">Leer m\u00e1s.<\/span><\/a><\/span><\/p>\n<h2><span style=\"font-size: large;\">\u00a0<\/span><\/h2>\n<p>Ayudas para promover la formaci\u00f3n en programas de doctorado de solvencia formativa e investigadora para aquellos que deseen orientar su actividad profesional hacia la docencia universitaria y la investigaci\u00f3n.<\/p>\n<p><a href=\"https:\/\/sede.educacion.gob.es\/catalogo-tramites\/profesores\/formacion\/universitarios\/fpu.html\" target=\"_blank\" rel=\"noopener\">Leer m\u00e1s.<\/a><\/p>\n<p>&nbsp;<\/p>\n<p>&nbsp;<\/p>\n","protected":false},"excerpt":{"rendered":"<p>&nbsp; Informaci\u00f3n del Ministerio sobre becas, ayudas, subvenciones y premios.\u00a0Leer m\u00e1s&#8230;\u00a0 &nbsp; Portal espa\u00f1ol del Programa Marco de Investigaci\u00f3n e Innovaci\u00f3n de la Uni\u00f3n Europea.\u00a0Leer m\u00e1s&#8230; &nbsp; Portal Europeo del Programa Marco para la Investigaci\u00f3n e Innovaci\u00f3n de la Uni\u00f3n Europea.\u00a0Leer m\u00e1s&#8230; &nbsp; Investigadores en Movimiento es una iniciativa europea que proporciona acceso a una &hellip; <a href=\"https:\/\/ingegraf.es\/?page_id=1087\" class=\"more-link\">Seguir leyendo <span class=\"screen-reader-text\">Ayudas<\/span> <span class=\"meta-nav\">&rarr;<\/span><\/a><\/p>\n","protected":false},"author":1,"featured_media":0,"parent":0,"menu_order":0,"comment_status":"closed","ping_status":"closed","template":"","meta":{"footnotes":""},"class_list":["post-1087","page","type-page","status-publish","hentry"],"_links":{"self":[{"href":"https:\/\/ingegraf.es\/index.php?rest_route=\/wp\/v2\/pages\/1087","targetHints":{"allow":["GET"]}}],"collection":[{"href":"https:\/\/ingegraf.es\/index.php?rest_route=\/wp\/v2\/pages"}],"about":[{"href":"https:\/\/ingegraf.es\/index.php?rest_route=\/wp\/v2\/types\/page"}],"author":[{"embeddable":true,"href":"https:\/\/ingegraf.es\/index.php?rest_route=\/wp\/v2\/users\/1"}],"replies":[{"embeddable":true,"href":"https:\/\/ingegraf.es\/index.php?rest_route=%2Fwp%2Fv2%2Fcomments&post=1087"}],"version-history":[{"count":4,"href":"https:\/\/ingegraf.es\/index.php?rest_route=\/wp\/v2\/pages\/1087\/revisions"}],"predecessor-version":[{"id":2118,"href":"https:\/\/ingegraf.es\/index.php?rest_route=\/wp\/v2\/pages\/1087\/revisions\/2118"}],"wp:attachment":[{"href":"https:\/\/ingegraf.es\/index.php?rest_route=%2Fwp%2Fv2%2Fmedia&parent=1087"}],"curies":[{"name":"wp","href":"https:\/\/api.w.org\/{rel}","templated":true}]}}