{"id":100,"date":"2014-03-10T11:00:20","date_gmt":"2014-03-10T11:00:20","guid":{"rendered":"http:\/\/s621472710.mialojamiento.es\/?page_id=100"},"modified":"2025-11-26T09:11:06","modified_gmt":"2025-11-26T09:11:06","slug":"enlaces-de-interes","status":"publish","type":"page","link":"https:\/\/ingegraf.es\/?page_id=100","title":{"rendered":"Enlaces de inter\u00e9s"},"content":{"rendered":"<p>La Uni\u00f3n Italiana de Dise\u00f1o (UID) es una organizaci\u00f3n no lucrativa asociaci\u00f3n cient\u00edfica y cultural que tiene como objetivo desarrollar, promover, coordinar las actividades de investigaci\u00f3n cient\u00edfica en el dise\u00f1o 08 \/ E1 sector (por ejemplo, el ICAR 17) y promover coordinaci\u00f3n y desarrollo de la ense\u00f1anza de las disciplinas de dise\u00f1o, basadas en las innovaciones cient\u00edficas a trav\u00e9s de contribuciones multidisciplinares.<\/p>\n<p><a href=\"http:\/\/www.unioneitalianadisegno.it\/\"><span style=\"color: #3366ff;\">Leer m\u00e1s<\/span><\/a><\/p>\n<p>&nbsp;<\/p>\n<p><span style=\"color: #000000;\">El Consorcio Web3D proporciona un foro para la creaci\u00f3n de est\u00e1ndares abiertos para las especificaciones Web3D , y acelera la demanda mundial de productos basados \u200b\u200ben estos est\u00e1ndares a trav\u00e9s del patrocinio de programas de educaci\u00f3n de mercado y de los usuarios. <\/span><\/p>\n<p><a href=\"http:\/\/www.3dc.gr.jp\/english\/index.html\"><span style=\"color: #3366ff;\">Leer m<span style=\"color: #3366ff;\">\u00e1s<\/span><\/span><\/a><\/p>\n<p>&nbsp;<\/p>\n<p>IEEE tiene como\u00a0objetivo principal fomentar la innovaci\u00f3n tecnol\u00f3gica y excelencia en beneficio de la humanidad. <a title=\"IEEE\" href=\"http:\/\/www.ieee.org\/index.html\" target=\"_blank\" rel=\"noopener\"><span style=\"color: #3366ff;\">M\u00e1s&#8230;<\/span><\/a><\/p>\n<p>&nbsp;<\/p>\n<p>&nbsp;<\/p>\n<p>ADM nace para reivindicar la necesidad de un estudio y una actualizaci\u00f3n constante de las formas de comunicaci\u00f3n t\u00e9cnica , y no s\u00f3lo los gr\u00e1ficos gr\u00e1ficos, impuestas por la evoluci\u00f3n de la tecnolog\u00eda y las necesidades de la industria en constante renovaci\u00f3n. <a title=\"ADM\" href=\"http:\/\/adm.ing.unibo.it\/index.htm\" target=\"_blank\" rel=\"noopener\">M\u00e1s&#8230;<\/a><\/p>\n<p>&nbsp;<\/p>\n<p>Habilidades y recursos en las \u00e1reas de dise\u00f1o mec\u00e1nico integrado e ingenier\u00eda de producci\u00f3n al servicio de la Educaci\u00f3n, la Investigaci\u00f3n y la Industria. <a title=\"AIP-PRIMECA\" href=\"http:\/\/www.aip-primeca.net\/\" target=\"_blank\" rel=\"noopener\"><span style=\"color: #3366ff;\">M\u00e1s&#8230;<\/span><\/a><\/p>\n<p>&nbsp;<\/p>\n<p>Plataforma internacional de dise\u00f1o de productos que tiene como objetivo ofrecer un espacio a dise\u00f1adores nacionales e internacionales en el que puedan exponer sus mejores productos industriales.<\/p>\n<p><span style=\"color: #3366ff;\"><a href=\"http:\/\/www.productdesignmadrid.com\/es\/\" target=\"_blank\" rel=\"noopener\"><span style=\"color: #3366ff;\">Leer m\u00e1s<\/span><\/a><\/span><\/p>\n<p>&nbsp;<\/p>\n","protected":false},"excerpt":{"rendered":"<p>La Uni\u00f3n Italiana de Dise\u00f1o (UID) es una organizaci\u00f3n no lucrativa asociaci\u00f3n cient\u00edfica y cultural que tiene como objetivo desarrollar, promover, coordinar las actividades de investigaci\u00f3n cient\u00edfica en el dise\u00f1o 08 \/ E1 sector (por ejemplo, el ICAR 17) y promover coordinaci\u00f3n y desarrollo de la ense\u00f1anza de las disciplinas de dise\u00f1o, basadas en las &hellip; <a href=\"https:\/\/ingegraf.es\/?page_id=100\" class=\"more-link\">Seguir leyendo <span class=\"screen-reader-text\">Enlaces de inter\u00e9s<\/span> <span class=\"meta-nav\">&rarr;<\/span><\/a><\/p>\n","protected":false},"author":1,"featured_media":0,"parent":0,"menu_order":0,"comment_status":"closed","ping_status":"closed","template":"","meta":{"footnotes":""},"class_list":["post-100","page","type-page","status-publish","hentry"],"_links":{"self":[{"href":"https:\/\/ingegraf.es\/index.php?rest_route=\/wp\/v2\/pages\/100","targetHints":{"allow":["GET"]}}],"collection":[{"href":"https:\/\/ingegraf.es\/index.php?rest_route=\/wp\/v2\/pages"}],"about":[{"href":"https:\/\/ingegraf.es\/index.php?rest_route=\/wp\/v2\/types\/page"}],"author":[{"embeddable":true,"href":"https:\/\/ingegraf.es\/index.php?rest_route=\/wp\/v2\/users\/1"}],"replies":[{"embeddable":true,"href":"https:\/\/ingegraf.es\/index.php?rest_route=%2Fwp%2Fv2%2Fcomments&post=100"}],"version-history":[{"count":39,"href":"https:\/\/ingegraf.es\/index.php?rest_route=\/wp\/v2\/pages\/100\/revisions"}],"predecessor-version":[{"id":2112,"href":"https:\/\/ingegraf.es\/index.php?rest_route=\/wp\/v2\/pages\/100\/revisions\/2112"}],"wp:attachment":[{"href":"https:\/\/ingegraf.es\/index.php?rest_route=%2Fwp%2Fv2%2Fmedia&parent=100"}],"curies":[{"name":"wp","href":"https:\/\/api.w.org\/{rel}","templated":true}]}}